{"id":87,"date":"2015-01-25T00:21:42","date_gmt":"2015-01-25T00:21:42","guid":{"rendered":"http:\/\/totaltheme.wpengine.com\/construct\/?page_id=4"},"modified":"2021-03-04T16:44:40","modified_gmt":"2021-03-04T15:44:40","slug":"lazienda","status":"publish","type":"page","link":"https:\/\/nuovazavalonolbia.com\/website\/lazienda\/","title":{"rendered":"L&#8217;azienda"},"content":{"rendered":"[vc_row full_width=&#8221;stretch_row_content_no_spaces&#8221; wpex_bg_overlay=&#8221;dotted&#8221; css=&#8221;.vc_custom_1613497132390{background-image: url(https:\/\/nuovazavalonolbia.com\/website\/wp-content\/uploads\/2021\/02\/HEADER-2.jpg?id=679) !important;background-position: center !important;background-repeat: no-repeat !important;background-size: cover !important;}&#8221; wpex_bg_overlay_color=&#8221;rgba(198,198,198,0.4)&#8221;][vc_column]<div class=\"vcex-spacing wpex-w-100 wpex-clear\" style=\"height:250px\"><\/div>[vc_column_text]\n<p style=\"text-align: center;\"><span style=\"font-size: 48px; color: #ffffff;\">QUALCOSA SU DI NOI<\/span><\/p>\n[\/vc_column_text]<div class=\"vcex-spacing wpex-w-100 wpex-clear\" style=\"height:250px\"><\/div>[\/vc_column][\/vc_row][vc_row full_width=&#8221;stretch_row&#8221; typography_style=&#8221;white&#8221; remove_bottom_col_margin=&#8221;true&#8221; bg_style=&#8221;stretch&#8221; style=&#8221;light&#8221; css=&#8221;.vc_custom_1614631332895{padding-top: 30px !important;padding-bottom: 30px !important;background-color: #c2c2c2 !important;background-position: center !important;background-repeat: no-repeat !important;background-size: cover !important;}&#8221;][vc_column][vc_column_text]\n<p style=\"text-align: center;\"><span style=\"font-size: 24px; color: #ffffff;\">La famiglia Nuova Zavalon nasce nel commercio dei grandi corredi negli anni 70<br \/>\nin una bottega nella periferia di Nuoro nel quartiere \u2018\u2019Monte Gurtei\u2019\u2019.<\/span><\/p>\n[\/vc_column_text][\/vc_column][\/vc_row][vc_row css=&#8221;.vc_custom_1489882647512{padding-top: 70px !important;padding-bottom: 30px !important;}&#8221;][vc_column]<div class=\"vcex-spacing wpex-w-100 wpex-clear\" style=\"height:20px\"><\/div>[vc_column_text]\u00c8 <strong>Teresa Protino<\/strong> a fondare questa attivit\u00e0 e successivamente affiancata dai figli Tiziana e Gianni.<\/p>\n<p>Dietro ogni azienda di successo c\u2019\u00e8 qualcuno che ha preso una decisione coraggiosa\u2026 cos\u00ec \u00e8 stato\u2026<\/p>\n<p>Negli anni 90 Teresa, Tiziana e Gianni decisero coraggiosamente di trasformare la loro attivit\u00e0 in un atelier dedicato esclusivamente al matrimonio.<\/p>\n<p>Visto il riscontro positivo decisero di avviare un nuovo punto vendita ad Olbia, inizialmente gestito da una delle figlie Chiara e successivamente raggiunta dal resto della famiglia.<\/p>\n<p>Anche se il tempo passa il nostro obbiettivo resta sempre lo stesso, cercare d\u2019interpretare desideri e sogni dei futuri sposi per renderli protagonisti indiscussi nel giorno pi\u00f9 importante, con collezioni esclusive di un eleganza moderna e senza tempo, originalit\u00e0 dei tessuti che enfatizza la preziosit\u00e0 dei capi.<\/p>\n<p>Ad oggi la Nuova Zavalon Olbia \u00e8 gestita dalla seconda generazione, Tiziana, suo marito Antonello e i loro figli Daniele, Chiara e Teresa.[\/vc_column_text][vc_separator css=&#8221;.vc_custom_1614872672836{padding-top: 20px !important;padding-bottom: 20px !important;}&#8221;][vc_column_text]<img data-recalc-dims=\"1\" loading=\"lazy\" decoding=\"async\" class=\"aligncenter wp-image-815 size-large\" src=\"https:\/\/i0.wp.com\/nuovazavalonolbia.com\/website\/wp-content\/uploads\/2021\/03\/chisiamo.jpeg?resize=820%2C1024&#038;ssl=1\" alt=\"\" width=\"820\" height=\"1024\" \/>[\/vc_column_text][\/vc_column][\/vc_row]\n","protected":false},"excerpt":{"rendered":"<p>[vc_row full_width=&#8221;stretch_row_content_no_spaces&#8221; wpex_bg_overlay=&#8221;dotted&#8221; css=&#8221;.vc_custom_1613497132390{background-image: url(https:\/\/nuovazavalonolbia.com\/website\/wp-content\/uploads\/2021\/02\/HEADER-2.jpg?id=679) !important;background-position: center !important;background-repeat: no-repeat !important;background-size: cover !important;}&#8221; wpex_bg_overlay_color=&#8221;rgba(198,198,198,0.4)&#8221;][vc_column][vc_column_text] QUALCOSA SU DI NOI [\/vc_column_text][\/vc_column][\/vc_row][vc_row full_width=&#8221;stretch_row&#8221; typography_style=&#8221;white&#8221; remove_bottom_col_margin=&#8221;true&#8221; bg_style=&#8221;stretch&#8221; style=&#8221;light&#8221; css=&#8221;.vc_custom_1614631332895{padding-top: 30px !important;padding-bottom: 30px !important;background-color: #c2c2c2 !important;background-position: center !important;background-repeat: no-repeat !important;background-size: cover !important;}&#8221;][vc_column][vc_column_text] La famiglia Nuova Zavalon&hellip;<\/p>\n","protected":false},"author":1,"featured_media":0,"parent":0,"menu_order":0,"comment_status":"closed","ping_status":"closed","template":"","meta":{"_joinchat":[],"footnotes":""},"class_list":["post-87","page","type-page","status-publish","hentry","entry","no-media"],"jetpack_sharing_enabled":true,"_links":{"self":[{"href":"https:\/\/nuovazavalonolbia.com\/website\/wp-json\/wp\/v2\/pages\/87","targetHints":{"allow":["GET"]}}],"collection":[{"href":"https:\/\/nuovazavalonolbia.com\/website\/wp-json\/wp\/v2\/pages"}],"about":[{"href":"https:\/\/nuovazavalonolbia.com\/website\/wp-json\/wp\/v2\/types\/page"}],"author":[{"embeddable":true,"href":"https:\/\/nuovazavalonolbia.com\/website\/wp-json\/wp\/v2\/users\/1"}],"replies":[{"embeddable":true,"href":"https:\/\/nuovazavalonolbia.com\/website\/wp-json\/wp\/v2\/comments?post=87"}],"version-history":[{"count":10,"href":"https:\/\/nuovazavalonolbia.com\/website\/wp-json\/wp\/v2\/pages\/87\/revisions"}],"predecessor-version":[{"id":817,"href":"https:\/\/nuovazavalonolbia.com\/website\/wp-json\/wp\/v2\/pages\/87\/revisions\/817"}],"wp:attachment":[{"href":"https:\/\/nuovazavalonolbia.com\/website\/wp-json\/wp\/v2\/media?parent=87"}],"curies":[{"name":"wp","href":"https:\/\/api.w.org\/{rel}","templated":true}]}}